{"id":10,"date":"2025-11-07T23:08:24","date_gmt":"2025-11-07T22:08:24","guid":{"rendered":"https:\/\/inspiracjart.dkonto.pl\/?page_id=10"},"modified":"2025-11-07T23:33:50","modified_gmt":"2025-11-07T22:33:50","slug":"oferta","status":"publish","type":"page","link":"https:\/\/inspiracjart.dkonto.pl\/index.php\/oferta\/","title":{"rendered":"Oferta"},"content":{"rendered":"\n<p><strong>Inspiracja! Rado\u015b\u0107! Szcz\u0119\u015bcie<\/strong>!<\/p>\n\n\n\n<blockquote class=\"wp-block-quote is-layout-flow wp-block-quote-is-layout-flow\">\n<p>&#8222;Inspiracja istnieje, ale musi zasta\u0107 ci\u0119 przy pracy.&#8221; <\/p>\n<\/blockquote>\n\n\n\n<p>Inspiracje potrafi\u0105 pojawi\u0107 si\u0119 znienacka, ale czasem trzeba im troch\u0119 pom\u00f3c. Najpro\u015bciej zacz\u0105\u0107 od otoczenia. Obserwuj ludzi, miejsca i sytuacje, kt\u00f3re mijasz ka\u017cdego dnia. Nierzadko zwyk\u0142a rozmowa albo kr\u00f3tki spacer potrafi\u0105 wywo\u0142a\u0107 pomys\u0142, o kt\u00f3rym wcze\u015bniej nawet nie my\u015bla\u0142e\u015b.<\/p>\n\n\n\n<p>\u015awietnym \u017ar\u00f3d\u0142em inspiracji s\u0105 te\u017c tre\u015bci tworzone przez innych. Blogi, podcasty, filmy, ksi\u0105\u017cki czy media spo\u0142eczno\u015bciowe mog\u0105 dzia\u0142a\u0107 jak ma\u0142a iskra, kt\u00f3ra uruchamia ca\u0142\u0105 lawin\u0119 pomys\u0142\u00f3w. Wa\u017cne, \u017ceby nie kopiowa\u0107, tylko patrze\u0107, jak inni rozwi\u0105zuj\u0105 problemy i tworz\u0105 co\u015b swojego.<\/p>\n\n\n\n<p>Warto te\u017c regularnie pr\u00f3bowa\u0107 nowych rzeczy, bo \u015bwie\u017ce do\u015bwiadczenia poszerzaj\u0105 perspektyw\u0119. Nowe hobby, kurs, kr\u00f3tki wyjazd albo nawet zmiana codziennych nawyk\u00f3w mog\u0105 sprawi\u0107, \u017ce zobaczysz \u015bwiat troch\u0119 inaczej. Kreatywno\u015b\u0107 cz\u0119sto budzi si\u0119 wtedy, gdy wyjdziemy poza rutyn\u0119.<\/p>\n\n\n\n<p>Najwa\u017cniejsze jest jednak to, \u017ceby si\u0119 nie spina\u0107. Inspiracja lubi, gdy mamy spokojn\u0105 g\u0142ow\u0119 i pozwalamy sobie na odrobin\u0119 swobody. Daj sobie czas, baw si\u0119 pomys\u0142ami i pozw\u00f3l, \u017ceby my\u015bli mia\u0142y miejsce do kr\u0105\u017cenia. Reszta przychodzi naturalnie.<\/p>\n","protected":false},"excerpt":{"rendered":"<p>Inspiracja! Rado\u015b\u0107! Szcz\u0119\u015bcie! &#8222;Inspiracja istnieje, ale musi zasta\u0107 ci\u0119 przy pracy.&#8221; Inspiracje potrafi\u0105 pojawi\u0107 si\u0119 znienacka, ale czasem trzeba im troch\u0119 pom\u00f3c. Najpro\u015bciej zacz\u0105\u0107 od otoczenia. Obserwuj ludzi, miejsca i sytuacje, kt\u00f3re mijasz ka\u017cdego dnia. Nierzadko zwyk\u0142a rozmowa albo kr\u00f3tki &hellip;<\/p>\n<p class=\"read-more\"> <a class=\"more-link\" href=\"https:\/\/inspiracjart.dkonto.pl\/index.php\/oferta\/\"> <span class=\"screen-reader-text\">Oferta<\/span> Czytaj wi\u0119cej  &raquo;<\/a><\/p>\n","protected":false},"author":1,"featured_media":0,"parent":0,"menu_order":0,"comment_status":"closed","ping_status":"closed","template":"","meta":{"om_disable_all_campaigns":false,"_monsterinsights_skip_tracking":false,"_monsterinsights_sitenote_active":false,"_monsterinsights_sitenote_note":"","_monsterinsights_sitenote_category":0,"footnotes":""},"class_list":["post-10","page","type-page","status-publish","hentry"],"aioseo_notices":[],"featured_image_src":"","featured_image_src_square":false,"rbea_author_info":{"display_name":"Polina","author_link":"https:\/\/inspiracjart.dkonto.pl\/index.php\/author\/admin\/"},"rbea_excerpt_info":"Inspiracja! Rado\u015b\u0107! Szcz\u0119\u015bcie! &#8222;Inspiracja istnieje, ale musi zasta\u0107 ci\u0119 przy pracy.&#8221; Inspiracje potrafi\u0105 pojawi\u0107 si\u0119 znienacka, ale czasem trzeba im troch\u0119 pom\u00f3c. Najpro\u015bciej zacz\u0105\u0107 od otoczenia. Obserwuj ludzi, miejsca i sytuacje, kt\u00f3re mijasz ka\u017cdego dnia. Nierzadko zwyk\u0142a rozmowa albo kr\u00f3tki &hellip;<p class=\"read-more\"> <a class=\"more-link\" href=\"https:\/\/inspiracjart.dkonto.pl\/index.php\/oferta\/\"> <span class=\"screen-reader-text\">Oferta<\/span> Czytaj wi\u0119cej  &raquo;<\/a><\/p>","_links":{"self":[{"href":"https:\/\/inspiracjart.dkonto.pl\/index.php\/wp-json\/wp\/v2\/pages\/10","targetHints":{"allow":["GET"]}}],"collection":[{"href":"https:\/\/inspiracjart.dkonto.pl\/index.php\/wp-json\/wp\/v2\/pages"}],"about":[{"href":"https:\/\/inspiracjart.dkonto.pl\/index.php\/wp-json\/wp\/v2\/types\/page"}],"author":[{"embeddable":true,"href":"https:\/\/inspiracjart.dkonto.pl\/index.php\/wp-json\/wp\/v2\/users\/1"}],"replies":[{"embeddable":true,"href":"https:\/\/inspiracjart.dkonto.pl\/index.php\/wp-json\/wp\/v2\/comments?post=10"}],"version-history":[{"count":9,"href":"https:\/\/inspiracjart.dkonto.pl\/index.php\/wp-json\/wp\/v2\/pages\/10\/revisions"}],"predecessor-version":[{"id":23,"href":"https:\/\/inspiracjart.dkonto.pl\/index.php\/wp-json\/wp\/v2\/pages\/10\/revisions\/23"}],"wp:attachment":[{"href":"https:\/\/inspiracjart.dkonto.pl\/index.php\/wp-json\/wp\/v2\/media?parent=10"}],"curies":[{"name":"wp","href":"https:\/\/api.w.org\/{rel}","templated":true}]}}